{"id":118,"date":"2015-11-19T12:47:39","date_gmt":"2015-11-19T11:47:39","guid":{"rendered":"http:\/\/gorreana.vvf-medienconzepte-gmbh.de\/?page_id=118"},"modified":"2021-02-04T18:40:16","modified_gmt":"2021-02-04T17:40:16","slug":"azorentee-cha-gorreana","status":"publish","type":"page","link":"https:\/\/gorreana.de\/en\/","title":{"rendered":"Azorentee Ch\u00e1 Gorreana"},"content":{"rendered":"<p><\/p>\n\n\n\n<h4 class=\"has-text-align-center wp-block-heading\"><span style=\"color: #000000;\"><span style=\"color: #008000;\"><em><b><span style=\"color: #706b6b;\">A top-quality product made in Europe<\/span><\/b><\/em><\/span><\/span><\/h4>\n\n\n\n<h4 class=\"has-text-align-center wp-block-heading\"><span style=\"color: #808080;\"><strong><em><span style=\"color: #706b6b;\">Pure and mild with a fine natural flavour. Carefully produced, following the experience of over 135 years of successful tea growing. The tea is originally packed and directly imported from the Ch\u00e1 Gorreana tea plantation in S\u00e3o Miguel . I have been in personal contact to the owner family for several years. Ch\u00e1 Gorreana is available as black tea or green tea in different varieties.<br><\/span> <\/em><\/strong><\/span><\/h4>\n\n\n\n<div class=\"wp-block-image\"><figure class=\"aligncenter size-large\"><img decoding=\"async\" src=\"https:\/\/gorreana.de\/wp-content\/uploads\/2020\/12\/gorreana_leaf.jpg\" alt=\"\"\/><\/figure><\/div>\n\n\n\n<h3 class=\"has-text-align-center wp-block-heading\">Black Tea:<\/h3>\n\n\n\n<p class=\"has-text-align-center\"><strong style=\"color: #f80006\">Orange Pekoe<\/strong> \u2013 1st leaf &#8211; fine tea with light caramel notes and a nice aroma<br><strong style=\"color: #162d95\">Pekoe<\/strong> \u2013 2nd leaf &#8211; strong tea with a high caffeine content<br><strong style=\"color: #1b70da\">Broken Leaf<\/strong> \u2013 3rd leaf &#8211; mild tea, easily digestible even in large quantities<\/p>\n\n\n\n<h3 style=\"color: #55bf38\" class=\"has-text-align-center\">Green Tea:<\/h3>\n\n\n\n<p class=\"has-text-align-center\"><strong style=\"color: #084926\">Hysson<\/strong> \u2013 mixture of all 3 tea leaves &#8211; fresh and fruity<br><strong style=\"color: #55bf38\">Encosta de Bruma<\/strong> \u2013 1st leaf, extra rolled &#8211; fine and full-bodied aroma<\/p>\n\n\n\n<div class=\"wp-block-buttons aligncenter is-layout-flex wp-block-buttons-is-layout-flex\">\n<div class=\"wp-block-button\"><a class=\"wp-block-button__link has-virtue-primary-background-color has-background\" href=\"https:\/\/gorreana.de\/shop\/\">to the shop<\/a><\/div>\n<\/div>\n\n\n\n<p><\/p>","protected":false},"excerpt":{"rendered":"<p>A top-quality product made in Europe Pure and mild with a fine natural flavour. Carefully produced, following the experience of over 135 years of successful tea growing. The tea is originally packed and directly imported from the Ch\u00e1 Gorreana tea &hellip; <a href=\"https:\/\/gorreana.de\/en\/\">Continued<\/a><\/p>\n","protected":false},"author":1,"featured_media":0,"parent":0,"menu_order":0,"comment_status":"closed","ping_status":"closed","template":"","meta":{"footnotes":""},"class_list":["post-118","page","type-page","status-publish","hentry"],"_links":{"self":[{"href":"https:\/\/gorreana.de\/en\/wp-json\/wp\/v2\/pages\/118","targetHints":{"allow":["GET"]}}],"collection":[{"href":"https:\/\/gorreana.de\/en\/wp-json\/wp\/v2\/pages"}],"about":[{"href":"https:\/\/gorreana.de\/en\/wp-json\/wp\/v2\/types\/page"}],"author":[{"embeddable":true,"href":"https:\/\/gorreana.de\/en\/wp-json\/wp\/v2\/users\/1"}],"replies":[{"embeddable":true,"href":"https:\/\/gorreana.de\/en\/wp-json\/wp\/v2\/comments?post=118"}],"version-history":[{"count":93,"href":"https:\/\/gorreana.de\/en\/wp-json\/wp\/v2\/pages\/118\/revisions"}],"predecessor-version":[{"id":9023,"href":"https:\/\/gorreana.de\/en\/wp-json\/wp\/v2\/pages\/118\/revisions\/9023"}],"wp:attachment":[{"href":"https:\/\/gorreana.de\/en\/wp-json\/wp\/v2\/media?parent=118"}],"curies":[{"name":"wp","href":"https:\/\/api.w.org\/{rel}","templated":true}]}}