{"id":9323,"date":"2021-03-17T17:19:22","date_gmt":"2021-03-17T16:19:22","guid":{"rendered":"https:\/\/gorreana.de\/?page_id=9323"},"modified":"2023-11-25T11:47:34","modified_gmt":"2023-11-25T10:47:34","slug":"handverlesen-02","status":"publish","type":"page","link":"https:\/\/gorreana.de\/en\/handverlesen-02\/","title":{"rendered":"Handpicked 02"},"content":{"rendered":"<div class=\"wp-block-buttons is-layout-flex wp-block-buttons-is-layout-flex\">\n<div class=\"wp-block-button has-custom-width wp-block-button__width-100 coblocks-animate\" data-coblocks-animation=\"slideInBottom\"><a class=\"wp-block-button__link wp-element-button\" href=\"https:\/\/gorreana.de\/handverlesen-01-09\/\">Hier finden Sie alle Ausstellungen im \u00dcberblick<\/a><\/div>\n<\/div>\n\n<figure class=\"wp-block-image size-large\"><img loading=\"lazy\" decoding=\"async\" width=\"1200\" height=\"329\" src=\"https:\/\/gorreana.de\/wp-content\/uploads\/2021\/03\/handverlesen002.jpg\" alt=\"\" class=\"wp-image-9341\" srcset=\"https:\/\/gorreana.de\/wp-content\/uploads\/2021\/03\/handverlesen002.jpg 1200w, https:\/\/gorreana.de\/wp-content\/uploads\/2021\/03\/handverlesen002-800x219.jpg 800w, https:\/\/gorreana.de\/wp-content\/uploads\/2021\/03\/handverlesen002-600x165.jpg 600w, https:\/\/gorreana.de\/wp-content\/uploads\/2021\/03\/handverlesen002-768x211.jpg 768w\" sizes=\"auto, (max-width: 1200px) 100vw, 1200px\" \/><\/figure>\n\n\n\n<div class=\"wp-block-media-text has-media-on-the-right is-stacked-on-mobile is-vertically-aligned-top\"><figure class=\"wp-block-media-text__media\"><img loading=\"lazy\" decoding=\"async\" width=\"800\" height=\"800\" src=\"https:\/\/gorreana.de\/wp-content\/uploads\/2021\/03\/handverlesen_02_shopview.jpg\" alt=\"\" class=\"wp-image-9346 size-full\" srcset=\"https:\/\/gorreana.de\/wp-content\/uploads\/2021\/03\/handverlesen_02_shopview.jpg 800w, https:\/\/gorreana.de\/wp-content\/uploads\/2021\/03\/handverlesen_02_shopview-400x400.jpg 400w, https:\/\/gorreana.de\/wp-content\/uploads\/2021\/03\/handverlesen_02_shopview-100x100.jpg 100w, https:\/\/gorreana.de\/wp-content\/uploads\/2021\/03\/handverlesen_02_shopview-600x600.jpg 600w, https:\/\/gorreana.de\/wp-content\/uploads\/2021\/03\/handverlesen_02_shopview-768x768.jpg 768w\" sizes=\"auto, (max-width: 800px) 100vw, 800px\" \/><\/figure><div class=\"wp-block-media-text__content\">\n<p>Due and thanks to Corona and despite the pandemic restrictions which darken our cultural life: <\/p>\n\n\n\n<p>In November 2020 I decided to open my Ch\u00e1 Gorreana Azorentee-Kontor for the fine arts.<\/p>\n\n\n\n<p>In the \u201cHandpicked\u201d series in my office at Hildastra\u00dfe 17, I will regularly show artists whose works appeal to me and make a lasting impression \u2013 maybe you will share this experience with me and be encouraged to visit?<\/p>\n\n\n\n<p>Handpicked 02 started in March 2021<\/p>\n\n\n\n<h2 class=\"wp-block-heading\">Helen Dieterle Berlin &#8220;Daydreams in Colour&#8221; <\/h2>\n\n\n\n<p>Have a dream&#8230;<\/p>\n\n\n\n<p>As before, my opening times in the office are&nbsp;<strong>Mon \u2013 Fri from 11 a.m. to 1 p.m.<\/strong>, in addition for those interested in art at any time by appointment.<\/p>\n\n\n\n<p><strong>Please note the current pandemic rules, entry only with a mask.<\/strong><\/p>\n\n\n\n<p>If you are interested in purchasing an item, please do not hesitate to contact me.<\/p>\n\n\n\n<p>Enjoy the exhibition \u2013&nbsp; digital or analogue.<\/p>\n\n\n\n<p>GABRIELE BERNDSEN<\/p>\n<\/div><\/div>\n\n\n\n<div class=\"wp-block-coblocks-gallery-masonry alignfull\"><div class=\"coblocks-gallery has-caption-style-dark has-gutter has-lightbox\"><ul class=\"has-grid-lrg has-gutter-15 has-gutter-mobile-15\"><li class=\"coblocks-gallery--item\"><figure class=\"coblocks-gallery--figure\"><img loading=\"lazy\" decoding=\"async\" width=\"800\" height=\"800\" src=\"https:\/\/gorreana.de\/wp-content\/uploads\/2021\/03\/IMG_6724s.jpg\" alt=\"\" data-id=\"9324\" data-imglink=\"\" data-link=\"https:\/\/gorreana.de\/handverlesen-02\/img_6724s\/\" class=\"wp-image-9324\" srcset=\"https:\/\/gorreana.de\/wp-content\/uploads\/2021\/03\/IMG_6724s.jpg 800w, https:\/\/gorreana.de\/wp-content\/uploads\/2021\/03\/IMG_6724s-400x400.jpg 400w, https:\/\/gorreana.de\/wp-content\/uploads\/2021\/03\/IMG_6724s-100x100.jpg 100w, https:\/\/gorreana.de\/wp-content\/uploads\/2021\/03\/IMG_6724s-600x600.jpg 600w, https:\/\/gorreana.de\/wp-content\/uploads\/2021\/03\/IMG_6724s-768x768.jpg 768w\" sizes=\"auto, (max-width: 800px) 100vw, 800px\" \/><figcaption class=\"coblocks-gallery--caption\">&#8220;Duftiger Morgen&#8221;, 40&#215;40 cm, Mischtechnik auf Leinwand<\/figcaption><\/figure><\/li><li class=\"coblocks-gallery--item\"><figure class=\"coblocks-gallery--figure\"><img loading=\"lazy\" decoding=\"async\" width=\"627\" height=\"800\" src=\"https:\/\/gorreana.de\/wp-content\/uploads\/2021\/03\/IMG_6727s.jpg\" alt=\"\" data-id=\"9325\" data-imglink=\"\" data-link=\"https:\/\/gorreana.de\/handverlesen-02\/img_6727s\/\" class=\"wp-image-9325\" srcset=\"https:\/\/gorreana.de\/wp-content\/uploads\/2021\/03\/IMG_6727s.jpg 627w, https:\/\/gorreana.de\/wp-content\/uploads\/2021\/03\/IMG_6727s-470x600.jpg 470w\" sizes=\"auto, (max-width: 627px) 100vw, 627px\" \/><figcaption class=\"coblocks-gallery--caption\">&#8220;Geheimer Garten I&#8221;, 30&#215;25 cm, Mischtechnik auf B\u00fctten<\/figcaption><\/figure><\/li><li class=\"coblocks-gallery--item\"><figure class=\"coblocks-gallery--figure\"><img loading=\"lazy\" decoding=\"async\" width=\"521\" height=\"800\" src=\"https:\/\/gorreana.de\/wp-content\/uploads\/2021\/03\/IMG_6733s.jpg\" alt=\"\" data-id=\"9326\" data-imglink=\"\" data-link=\"https:\/\/gorreana.de\/handverlesen-02\/img_6733s\/\" class=\"wp-image-9326\" srcset=\"https:\/\/gorreana.de\/wp-content\/uploads\/2021\/03\/IMG_6733s.jpg 521w, https:\/\/gorreana.de\/wp-content\/uploads\/2021\/03\/IMG_6733s-391x600.jpg 391w\" sizes=\"auto, (max-width: 521px) 100vw, 521px\" \/><figcaption class=\"coblocks-gallery--caption\">&#8220;Wassergarten&#8221;, 45&#215;30 cm, Mischtechnik auf B\u00fctten<\/figcaption><\/figure><\/li><li class=\"coblocks-gallery--item\"><figure class=\"coblocks-gallery--figure\"><img loading=\"lazy\" decoding=\"async\" width=\"591\" height=\"800\" src=\"https:\/\/gorreana.de\/wp-content\/uploads\/2021\/03\/IMG_6734s.jpg\" alt=\"\" data-id=\"9327\" data-imglink=\"\" data-link=\"https:\/\/gorreana.de\/handverlesen-02\/img_6734s\/\" class=\"wp-image-9327\" srcset=\"https:\/\/gorreana.de\/wp-content\/uploads\/2021\/03\/IMG_6734s.jpg 591w, https:\/\/gorreana.de\/wp-content\/uploads\/2021\/03\/IMG_6734s-443x600.jpg 443w\" sizes=\"auto, (max-width: 591px) 100vw, 591px\" \/><figcaption class=\"coblocks-gallery--caption\">&#8220;Rotes Wachsen&#8221;, 40&#215;30 cm, Mischtechnik auf B\u00fctten<\/figcaption><\/figure><\/li><li class=\"coblocks-gallery--item\"><figure class=\"coblocks-gallery--figure\"><img loading=\"lazy\" decoding=\"async\" width=\"591\" height=\"800\" src=\"https:\/\/gorreana.de\/wp-content\/uploads\/2021\/03\/IMG_6732s.jpg\" alt=\"\" data-id=\"9328\" data-imglink=\"\" data-link=\"https:\/\/gorreana.de\/handverlesen-02\/img_6732s\/\" class=\"wp-image-9328\" srcset=\"https:\/\/gorreana.de\/wp-content\/uploads\/2021\/03\/IMG_6732s.jpg 591w, https:\/\/gorreana.de\/wp-content\/uploads\/2021\/03\/IMG_6732s-443x600.jpg 443w\" sizes=\"auto, (max-width: 591px) 100vw, 591px\" \/><figcaption class=\"coblocks-gallery--caption\">&#8220;Erinnerung an einen stillen Ort&#8221;, 50&#215;35 cm, Mischtechnik auf B\u00fctten<\/figcaption><\/figure><\/li><li class=\"coblocks-gallery--item\"><figure class=\"coblocks-gallery--figure\"><img loading=\"lazy\" decoding=\"async\" width=\"618\" height=\"800\" src=\"https:\/\/gorreana.de\/wp-content\/uploads\/2021\/03\/IMG_6726s.jpg\" alt=\"\" data-id=\"9329\" data-imglink=\"\" data-link=\"https:\/\/gorreana.de\/handverlesen-02\/img_6726s\/\" class=\"wp-image-9329\" srcset=\"https:\/\/gorreana.de\/wp-content\/uploads\/2021\/03\/IMG_6726s.jpg 618w, https:\/\/gorreana.de\/wp-content\/uploads\/2021\/03\/IMG_6726s-464x600.jpg 464w\" sizes=\"auto, (max-width: 618px) 100vw, 618px\" \/><figcaption class=\"coblocks-gallery--caption\">&#8220;Twist and Twirl&#8221;, 30&#215;25 cm, Mischtechnik auf B\u00fctten<\/figcaption><\/figure><\/li><li class=\"coblocks-gallery--item\"><figure class=\"coblocks-gallery--figure\"><img loading=\"lazy\" decoding=\"async\" width=\"635\" height=\"800\" src=\"https:\/\/gorreana.de\/wp-content\/uploads\/2021\/03\/IMG_6729s.jpg\" alt=\"\" data-id=\"9330\" data-imglink=\"\" data-link=\"https:\/\/gorreana.de\/handverlesen-02\/img_6729s\/\" class=\"wp-image-9330\" srcset=\"https:\/\/gorreana.de\/wp-content\/uploads\/2021\/03\/IMG_6729s.jpg 635w, https:\/\/gorreana.de\/wp-content\/uploads\/2021\/03\/IMG_6729s-476x600.jpg 476w\" sizes=\"auto, (max-width: 635px) 100vw, 635px\" \/><figcaption class=\"coblocks-gallery--caption\">&#8220;Gute Laune Fr\u00fchst\u00fcck&#8221;, 30&#215;25 cm, Mischtechnik auf B\u00fctten<\/figcaption><\/figure><\/li><li class=\"coblocks-gallery--item\"><figure class=\"coblocks-gallery--figure\"><img loading=\"lazy\" decoding=\"async\" width=\"800\" height=\"1088\" src=\"https:\/\/gorreana.de\/wp-content\/uploads\/2021\/03\/IMG_6731s.jpg\" alt=\"\" data-id=\"9331\" data-imglink=\"\" data-link=\"https:\/\/gorreana.de\/handverlesen-02\/img_6731s\/\" class=\"wp-image-9331\" srcset=\"https:\/\/gorreana.de\/wp-content\/uploads\/2021\/03\/IMG_6731s.jpg 800w, https:\/\/gorreana.de\/wp-content\/uploads\/2021\/03\/IMG_6731s-441x600.jpg 441w, https:\/\/gorreana.de\/wp-content\/uploads\/2021\/03\/IMG_6731s-768x1044.jpg 768w\" sizes=\"auto, (max-width: 800px) 100vw, 800px\" \/><figcaption class=\"coblocks-gallery--caption\">&#8220;Frau in Rot&#8221; 40&#215;30 cm, Acryl auf B\u00fctten<\/figcaption><\/figure><\/li><li class=\"coblocks-gallery--item\"><figure class=\"coblocks-gallery--figure\"><img loading=\"lazy\" decoding=\"async\" width=\"800\" height=\"514\" src=\"https:\/\/gorreana.de\/wp-content\/uploads\/2021\/03\/IMG_6720s.jpg\" alt=\"\" data-id=\"9332\" data-imglink=\"\" data-link=\"https:\/\/gorreana.de\/handverlesen-02\/img_6720s\/\" class=\"wp-image-9332\" srcset=\"https:\/\/gorreana.de\/wp-content\/uploads\/2021\/03\/IMG_6720s.jpg 800w, https:\/\/gorreana.de\/wp-content\/uploads\/2021\/03\/IMG_6720s-600x386.jpg 600w, https:\/\/gorreana.de\/wp-content\/uploads\/2021\/03\/IMG_6720s-768x493.jpg 768w, https:\/\/gorreana.de\/wp-content\/uploads\/2021\/03\/IMG_6720s-80x50.jpg 80w\" sizes=\"auto, (max-width: 800px) 100vw, 800px\" \/><figcaption class=\"coblocks-gallery--caption\">&#8220;Blaue Bl\u00fctenf\u00fclle&#8221;, 40&#215;60 cm, Acryl auf Malpappe<\/figcaption><\/figure><\/li><li class=\"coblocks-gallery--item\"><figure class=\"coblocks-gallery--figure\"><img loading=\"lazy\" decoding=\"async\" width=\"669\" height=\"800\" src=\"https:\/\/gorreana.de\/wp-content\/uploads\/2021\/03\/IMG_6721s.jpg\" alt=\"\" data-id=\"9333\" data-imglink=\"\" data-link=\"https:\/\/gorreana.de\/handverlesen-02\/img_6721s\/\" class=\"wp-image-9333\" srcset=\"https:\/\/gorreana.de\/wp-content\/uploads\/2021\/03\/IMG_6721s.jpg 669w, https:\/\/gorreana.de\/wp-content\/uploads\/2021\/03\/IMG_6721s-502x600.jpg 502w\" sizes=\"auto, (max-width: 669px) 100vw, 669px\" \/><figcaption class=\"coblocks-gallery--caption\">&#8220;Unterholz&#8221;, 50&#215;40 cm, Acryl auf Leinwand<\/figcaption><\/figure><\/li><li class=\"coblocks-gallery--item\"><figure class=\"coblocks-gallery--figure\"><img loading=\"lazy\" decoding=\"async\" width=\"800\" height=\"800\" src=\"https:\/\/gorreana.de\/wp-content\/uploads\/2021\/03\/IMG_6723s.jpg\" alt=\"\" data-id=\"9334\" data-imglink=\"\" data-link=\"https:\/\/gorreana.de\/handverlesen-02\/img_6723s\/\" class=\"wp-image-9334\" srcset=\"https:\/\/gorreana.de\/wp-content\/uploads\/2021\/03\/IMG_6723s.jpg 800w, https:\/\/gorreana.de\/wp-content\/uploads\/2021\/03\/IMG_6723s-400x400.jpg 400w, https:\/\/gorreana.de\/wp-content\/uploads\/2021\/03\/IMG_6723s-100x100.jpg 100w, https:\/\/gorreana.de\/wp-content\/uploads\/2021\/03\/IMG_6723s-600x600.jpg 600w, https:\/\/gorreana.de\/wp-content\/uploads\/2021\/03\/IMG_6723s-768x768.jpg 768w\" sizes=\"auto, (max-width: 800px) 100vw, 800px\" \/><figcaption class=\"coblocks-gallery--caption\">&#8220;Gartenimpression I&#8221;, 40x40cm, Acryl auf Leinwand<\/figcaption><\/figure><\/li><li class=\"coblocks-gallery--item\"><figure class=\"coblocks-gallery--figure\"><img loading=\"lazy\" decoding=\"async\" width=\"800\" height=\"800\" src=\"https:\/\/gorreana.de\/wp-content\/uploads\/2021\/03\/IMG_6722s.jpg\" alt=\"\" data-id=\"9335\" data-imglink=\"\" data-link=\"https:\/\/gorreana.de\/handverlesen-02\/img_6722s\/\" class=\"wp-image-9335\" srcset=\"https:\/\/gorreana.de\/wp-content\/uploads\/2021\/03\/IMG_6722s.jpg 800w, https:\/\/gorreana.de\/wp-content\/uploads\/2021\/03\/IMG_6722s-400x400.jpg 400w, https:\/\/gorreana.de\/wp-content\/uploads\/2021\/03\/IMG_6722s-100x100.jpg 100w, https:\/\/gorreana.de\/wp-content\/uploads\/2021\/03\/IMG_6722s-600x600.jpg 600w, https:\/\/gorreana.de\/wp-content\/uploads\/2021\/03\/IMG_6722s-768x768.jpg 768w\" sizes=\"auto, (max-width: 800px) 100vw, 800px\" \/><figcaption class=\"coblocks-gallery--caption\">&#8220;Fr\u00f6hliches Zusammentreffen&#8221;, 40&#215;40 cm, Eitempera auf Leinwand<\/figcaption><\/figure><\/li><\/ul><\/div><\/div>","protected":false},"excerpt":{"rendered":"<p>Due and thanks to Corona and despite the pandemic restrictions which darken our cultural life: In November 2020 I decided to open my Ch\u00e1 Gorreana Azorentee-Kontor for the fine arts. In the \u201cHandpicked\u201d series in my office at Hildastra\u00dfe 17, &hellip; <a href=\"https:\/\/gorreana.de\/en\/handverlesen-02\/\">Continued<\/a><\/p>\n","protected":false},"author":1,"featured_media":0,"parent":0,"menu_order":0,"comment_status":"closed","ping_status":"closed","template":"page-fullwidth.php","meta":{"footnotes":""},"class_list":["post-9323","page","type-page","status-publish","hentry"],"_links":{"self":[{"href":"https:\/\/gorreana.de\/en\/wp-json\/wp\/v2\/pages\/9323","targetHints":{"allow":["GET"]}}],"collection":[{"href":"https:\/\/gorreana.de\/en\/wp-json\/wp\/v2\/pages"}],"about":[{"href":"https:\/\/gorreana.de\/en\/wp-json\/wp\/v2\/types\/page"}],"author":[{"embeddable":true,"href":"https:\/\/gorreana.de\/en\/wp-json\/wp\/v2\/users\/1"}],"replies":[{"embeddable":true,"href":"https:\/\/gorreana.de\/en\/wp-json\/wp\/v2\/comments?post=9323"}],"version-history":[{"count":38,"href":"https:\/\/gorreana.de\/en\/wp-json\/wp\/v2\/pages\/9323\/revisions"}],"predecessor-version":[{"id":14372,"href":"https:\/\/gorreana.de\/en\/wp-json\/wp\/v2\/pages\/9323\/revisions\/14372"}],"wp:attachment":[{"href":"https:\/\/gorreana.de\/en\/wp-json\/wp\/v2\/media?parent=9323"}],"curies":[{"name":"wp","href":"https:\/\/api.w.org\/{rel}","templated":true}]}}