{"id":69,"date":"2015-11-08T08:43:49","date_gmt":"2015-11-08T07:43:49","guid":{"rendered":"http:\/\/gorreana.vvf-medienconzepte-gmbh.de\/?post_type=product&#038;p=69"},"modified":"2026-04-22T13:57:41","modified_gmt":"2026-04-22T11:57:41","slug":"hysson-grosspackung-500g","status":"publish","type":"product","link":"https:\/\/gorreana.de\/en\/shop\/hysson-grosspackung-500g\/","title":{"rendered":"Hysson 500 g"},"content":{"rendered":"<strong>Bi<span style=\"color: #333333; font-family: Arial,Helvetica,Geneva,sans-serif;\">g size economy pack. Saves expensenses for all those who like to enjoy their daily cup of fruity green Azorean tea from Ch\u00e1 Gorreana, grey low budget package.<\/span><\/strong>","protected":false},"excerpt":{"rendered":"<p class=\"qtranxs-available-languages-message qtranxs-available-languages-message-en\">Sorry, this entry is only available in <a href=\"https:\/\/gorreana.de\/de\/wp-json\/wp\/v2\/product\/69\" class=\"qtranxs-available-language-link qtranxs-available-language-link-de\" title=\"Deutsch\">Deutsch<\/a>.<\/p>\n<p><span style=\"color: #333333; font-family: Arial,Helvetica,Geneva,sans-serif;\">Der fruchtig-frische gr\u00fcne Azorentee in kosteng\u00fcnstiger grauer Einfachverpackung f\u00fcr alle, die ihren Hysson t\u00e4glich genie\u00dfen m\u00f6chten.<\/span><\/p>\n","protected":false},"featured_media":8902,"template":"","meta":[],"product_brand":[],"product_cat":[37],"product_tag":[],"class_list":{"0":"post-69","1":"product","2":"type-product","3":"status-publish","4":"has-post-thumbnail","6":"product_cat-azorentee","8":"first","9":"instock","10":"taxable","11":"shipping-taxable","12":"purchasable","13":"product-type-simple"},"_links":{"self":[{"href":"https:\/\/gorreana.de\/en\/wp-json\/wp\/v2\/product\/69","targetHints":{"allow":["GET"]}}],"collection":[{"href":"https:\/\/gorreana.de\/en\/wp-json\/wp\/v2\/product"}],"about":[{"href":"https:\/\/gorreana.de\/en\/wp-json\/wp\/v2\/types\/product"}],"wp:featuredmedia":[{"embeddable":true,"href":"https:\/\/gorreana.de\/en\/wp-json\/wp\/v2\/media\/8902"}],"wp:attachment":[{"href":"https:\/\/gorreana.de\/en\/wp-json\/wp\/v2\/media?parent=69"}],"wp:term":[{"taxonomy":"product_brand","embeddable":true,"href":"https:\/\/gorreana.de\/en\/wp-json\/wp\/v2\/product_brand?post=69"},{"taxonomy":"product_cat","embeddable":true,"href":"https:\/\/gorreana.de\/en\/wp-json\/wp\/v2\/product_cat?post=69"},{"taxonomy":"product_tag","embeddable":true,"href":"https:\/\/gorreana.de\/en\/wp-json\/wp\/v2\/product_tag?post=69"}],"curies":[{"name":"wp","href":"https:\/\/api.w.org\/{rel}","templated":true}]}}